{"id":2707,"date":"2024-08-29T11:19:39","date_gmt":"2024-08-29T14:19:39","guid":{"rendered":"https:\/\/ppa.org.br\/?page_id=2707"},"modified":"2024-08-29T11:26:55","modified_gmt":"2024-08-29T14:26:55","slug":"politica-de-privacidade","status":"publish","type":"page","link":"https:\/\/ppa.org.br\/en\/politica-de-privacidade\/","title":{"rendered":"Privacy Policy"},"content":{"rendered":"<div data-elementor-type=\"wp-page\" data-elementor-id=\"2707\" class=\"elementor elementor-2707\" data-elementor-post-type=\"page\">\n\t\t\t\t<div class=\"elementor-element elementor-element-59c1fb5 e-flex e-con-boxed e-con e-parent\" data-id=\"59c1fb5\" data-element_type=\"container\" data-e-type=\"container\" data-settings=\"{&quot;jet_parallax_layout_list&quot;:[]}\">\n\t\t\t\t\t<div class=\"e-con-inner\">\n\t\t\t\t<div class=\"elementor-element elementor-element-b748c99 elementor-widget elementor-widget-heading\" data-id=\"b748c99\" data-element_type=\"widget\" data-e-type=\"widget\" data-widget_type=\"heading.default\">\n\t\t\t\t\t<h2 class=\"elementor-heading-title elementor-size-default\">PRIVACY POLICY<\/h2>\t\t\t\t<\/div>\n\t\t\t\t<div class=\"elementor-element elementor-element-443a9e0 elementor-widget elementor-widget-text-editor\" data-id=\"443a9e0\" data-element_type=\"widget\" data-e-type=\"widget\" data-widget_type=\"text-editor.default\">\n\t\t\t\t\t\t\t\t\t<p><span style=\"font-weight: 400;\">Last update:<\/span><span style=\"font-weight: 400;\"> 07\/11\/2023\u00a0<\/span><\/p><p><span style=\"font-weight: 400;\">Welcome to <\/span><b>Privacy Policy of the Amazon Partners Platform (PPA)<\/b><span style=\"font-weight: 400;\">. Your privacy is important to us, and we are committed to respecting it in relation to any information we may collect on our digital portal. <\/span><a href=\"https:\/\/ppa.org.br\/en\/\"><span style=\"font-weight: 400;\">www.ppa.org.br<\/span><\/a><span style=\"font-weight: 400;\">.\u00a0<\/span><\/p><p><span style=\"font-weight: 400;\">This Policy is intended to help you understand what information is collected, why we collect it, whether we share it, and with whom. In addition, this Policy aims to inform you of your rights regarding this information and how to exercise them with PPA.<\/span><\/p><p><span style=\"font-weight: 400;\">In case of any questions, we provide email as a contact channel. <\/span><a href=\"mailto:privacidade@ppa.org.br\"><span style=\"font-weight: 400;\">privacidade@ppa.org.br<\/span><\/a><span style=\"font-weight: 400;\">. <\/span> <span style=\"font-weight: 400;\">\u00a0<\/span><\/p><p><span style=\"font-weight: 400;\">To facilitate your understanding of the processing of your personal data, we present below the main questions about the General Data Protection Law (LGPD):<\/span><\/p><p><b>Data controller<\/b><\/p><p><span style=\"font-weight: 400;\">Partners for the Amazon Platform Association<\/span><\/p><p><span style=\"font-weight: 400;\">CNPJ: 50.695.461\/0001-02<\/span><\/p><p><span style=\"font-weight: 400;\">Address: Cel. Jos\u00e9 Eus\u00e9bio Street, No. 95, house 13 \u2013 Higien\u00f3polis Neighborhood \u2013 Zip Code: 01.239-030.<\/span><\/p><p>\u00a0<\/p><h3><b>WHAT PERSONAL DATA DO WE COLLECT?<\/b><\/h3><ul><li style=\"font-weight: 400;\" aria-level=\"1\"><span style=\"font-weight: 400;\">Personal data provided by You via the Contact form system on our Website;<\/span><\/li><li style=\"font-weight: 400;\" aria-level=\"1\"><span style=\"font-weight: 400;\">Personal data provided by You when filling in forms on our Website and Registration Pages;<\/span><\/li><li style=\"font-weight: 400;\" aria-level=\"1\"><span style=\"font-weight: 400;\">Personal data provided by You when participating in our corporate events or those in which we participate;<\/span><\/li><li style=\"font-weight: 400;\" aria-level=\"1\"><span style=\"font-weight: 400;\">Personal data provided by You when choosing to participate in our newsletter;<\/span><\/li><li style=\"font-weight: 400;\" aria-level=\"1\"><span style=\"font-weight: 400;\">Personal data provided by You when participating in our media campaigns;<\/span><\/li><li style=\"font-weight: 400;\" aria-level=\"1\"><span style=\"font-weight: 400;\">Personal data provided by You when communicating with us via the PPA Community on WhatsApp;<\/span><\/li><li style=\"font-weight: 400;\" aria-level=\"1\"><span style=\"font-weight: 400;\">Personal data collected automatically when interacting with us on our social networks;<\/span><\/li><li style=\"font-weight: 400;\" aria-level=\"1\"><span style=\"font-weight: 400;\">Information arising from normal use of our Website.<\/span><\/li><\/ul><p><span style=\"font-weight: 400;\">Personal data is information relating to an identified or identifiable natural person.<\/span><\/p><p><span style=\"font-weight: 400;\">We may use the data that you directly provide to us, such as qualification data (name, CPF, RG, profession, etc.), contact data (telephone numbers, email address, etc.), or data that we automatically collect from your electronic devices (IP, date and time of use of our website, etc.), or data that we obtain through third parties or public databases.<\/span><\/p><h3><b>What data is collected?<\/b><\/h3><table><tbody><tr><td><b>Personal data provided by You via the Contact form system on our Website<\/b><\/td><td><ul><li style=\"font-weight: 400;\" aria-level=\"1\"><span style=\"font-weight: 400;\">Name<\/span><\/li><li style=\"font-weight: 400;\" aria-level=\"1\"><span style=\"font-weight: 400;\">E-mail<\/span><\/li><\/ul><\/td><\/tr><tr><td><b>Personal data provided by You when filling in forms on our Website and Registration Pages<\/b><\/td><td><ul><li style=\"font-weight: 400;\" aria-level=\"1\"><span style=\"font-weight: 400;\">Name<\/span><\/li><li style=\"font-weight: 400;\" aria-level=\"1\"><span style=\"font-weight: 400;\">Surname<\/span><\/li><li style=\"font-weight: 400;\" aria-level=\"1\"><span style=\"font-weight: 400;\">E-mail<\/span><\/li><li style=\"font-weight: 400;\" aria-level=\"1\"><span style=\"font-weight: 400;\">Organization name<\/span><\/li><li style=\"font-weight: 400;\" aria-level=\"1\"><span style=\"font-weight: 400;\">Type of organization\u00a0<\/span><\/li><li style=\"font-weight: 400;\" aria-level=\"1\"><span style=\"font-weight: 400;\">Location<\/span><\/li><\/ul><\/td><\/tr><tr><td><b>Personal data provided by You when participating in our corporate events or those in which we participate<\/b><\/td><td><ul><li style=\"font-weight: 400;\" aria-level=\"1\"><span style=\"font-weight: 400;\">Name<\/span><\/li><li style=\"font-weight: 400;\" aria-level=\"1\"><span style=\"font-weight: 400;\">E-mail<\/span><\/li><li style=\"font-weight: 400;\" aria-level=\"1\"><span style=\"font-weight: 400;\">Organization<\/span><\/li><li style=\"font-weight: 400;\" aria-level=\"1\"><span style=\"font-weight: 400;\">Telephone<\/span><\/li><li style=\"font-weight: 400;\" aria-level=\"1\"><span style=\"font-weight: 400;\">Date<\/span><\/li><li style=\"font-weight: 400;\" aria-level=\"1\"><span style=\"font-weight: 400;\">Location<\/span><\/li><li style=\"font-weight: 400;\" aria-level=\"1\"><span style=\"font-weight: 400;\">Signature<\/span><\/li><\/ul><\/td><\/tr><tr><td><b>Personal data provided by you when opting to participate in our newsletter<\/b><\/td><td><ul><li style=\"font-weight: 400;\" aria-level=\"1\"><span style=\"font-weight: 400;\">Name<\/span><\/li><li style=\"font-weight: 400;\" aria-level=\"1\"><span style=\"font-weight: 400;\">Surname<\/span><\/li><li style=\"font-weight: 400;\" aria-level=\"1\"><span style=\"font-weight: 400;\">E-mail<\/span><\/li><li style=\"font-weight: 400;\" aria-level=\"1\"><span style=\"font-weight: 400;\">Organization name<\/span><\/li><li style=\"font-weight: 400;\" aria-level=\"1\"><span style=\"font-weight: 400;\">Type of organization\u00a0<\/span><\/li><li style=\"font-weight: 400;\" aria-level=\"1\"><span style=\"font-weight: 400;\">Telephone<\/span><\/li><li style=\"font-weight: 400;\" aria-level=\"1\"><span style=\"font-weight: 400;\">Gender<\/span><\/li><li style=\"font-weight: 400;\" aria-level=\"1\"><span style=\"font-weight: 400;\">Self-declaration<\/span><\/li><li style=\"font-weight: 400;\" aria-level=\"1\"><span style=\"font-weight: 400;\">Occupation<\/span><\/li><li style=\"font-weight: 400;\" aria-level=\"1\"><span style=\"font-weight: 400;\">State<\/span><\/li><li style=\"font-weight: 400;\" aria-level=\"1\"><span style=\"font-weight: 400;\">City<\/span><\/li><li style=\"font-weight: 400;\" aria-level=\"1\"><span style=\"font-weight: 400;\">Address<\/span><\/li><\/ul><\/td><\/tr><tr><td><b>Personal data provided by You when participating in our media campaigns<\/b><\/td><td><ul><li style=\"font-weight: 400;\" aria-level=\"1\"><span style=\"font-weight: 400;\">Name<\/span><\/li><li style=\"font-weight: 400;\" aria-level=\"1\"><span style=\"font-weight: 400;\">E-mail<\/span><\/li><li style=\"font-weight: 400;\" aria-level=\"1\"><span style=\"font-weight: 400;\">Telephone<\/span><\/li><li style=\"font-weight: 400;\" aria-level=\"1\"><span style=\"font-weight: 400;\">Organization<\/span><\/li><li style=\"font-weight: 400;\" aria-level=\"1\"><span style=\"font-weight: 400;\">Type of organization<\/span><\/li><\/ul><\/td><\/tr><tr><td><b>Personal data provided by You when communicating with us via the PPA Community on WhatsApp<\/b><\/td><td><ul><li style=\"font-weight: 400;\" aria-level=\"1\"><span style=\"font-weight: 400;\">Name<\/span><\/li><li style=\"font-weight: 400;\" aria-level=\"1\"><span style=\"font-weight: 400;\">Telephone<\/span><\/li><\/ul><\/td><\/tr><tr><td><b>Personal data collected automatically when interacting with us on our social networks<\/b><\/td><td><ul><li style=\"font-weight: 400;\" aria-level=\"1\"><span style=\"font-weight: 400;\">Name<\/span><\/li><li style=\"font-weight: 400;\" aria-level=\"1\"><span style=\"font-weight: 400;\">Social Network IDs<\/span><\/li><li style=\"font-weight: 400;\" aria-level=\"1\"><span style=\"font-weight: 400;\">Social network link<\/span><\/li><\/ul><\/td><\/tr><tr><td><b>Information arising from normal use of our Website<\/b><\/td><td><ul><li style=\"font-weight: 400;\" aria-level=\"1\"><span style=\"font-weight: 400;\">Records of interactions in each activity<\/span><\/li><li style=\"font-weight: 400;\" aria-level=\"1\"><span style=\"font-weight: 400;\">Characteristics of the access device, browser<\/span><\/li><li style=\"font-weight: 400;\" aria-level=\"1\"><span style=\"font-weight: 400;\">IP (with date and time)<\/span><\/li><li style=\"font-weight: 400;\" aria-level=\"1\"><span style=\"font-weight: 400;\">Geolocation<\/span><\/li><li style=\"font-weight: 400;\" aria-level=\"1\"><span style=\"font-weight: 400;\">Information about clicks, pages, materials accessed, access time and frequency of use of the Website<\/span><\/li><li style=\"font-weight: 400;\" aria-level=\"1\"><span style=\"font-weight: 400;\">The following pages accessed after leaving the Website<\/span><\/li><\/ul><p>\u00a0<\/p><p><span style=\"font-weight: 400;\">For this collection, we may use some standard technologies, such as cookies, pixel tags, beacons and local shared objects, which are used for the purpose of improving your browsing experience on the Website, according to your habits and preferences.<\/span><\/p><\/td><\/tr><\/tbody><\/table><p>\u00a0<\/p><h3><b>WHY DO WE COLLECT YOUR DATA?<\/b><\/h3><ul><li style=\"font-weight: 400;\" aria-level=\"1\"><span style=\"font-weight: 400;\">We may use your data to respond to demands, complaints, queries or suggestions presented by you;<\/span><\/li><li style=\"font-weight: 400;\" aria-level=\"1\"><span style=\"font-weight: 400;\">We may use your data to improve the content available on PPA Digital Channels, as well as to carry out institutional campaigns and emails;<\/span><\/li><li style=\"font-weight: 400;\" aria-level=\"1\"><span style=\"font-weight: 400;\">We may use your data to share opportunities, notices, calls or other activities and other services provided by PPA;<\/span><\/li><li style=\"font-weight: 400;\" aria-level=\"1\"><span style=\"font-weight: 400;\">We may use your data to send forms aimed at mapping interests, research or collecting information with the PPA Network.<\/span><\/li><\/ul><h3><b>HOW DO WE COLLECT YOUR PERSONAL DATA?<\/b><\/h3><p><span style=\"font-weight: 400;\">The personal data we collect about you may have been provided to us directly by you, by third parties, or collected automatically. We may also collect some data that is publicly available.\u00a0<\/span><\/p><ul><li style=\"font-weight: 400;\" aria-level=\"1\"><span style=\"font-weight: 400;\">Information provided directly by you<\/span><\/li><li style=\"font-weight: 400;\" aria-level=\"1\"><span style=\"font-weight: 400;\">Information obtained from third parties<\/span><\/li><li style=\"font-weight: 400;\" aria-level=\"1\"><span style=\"font-weight: 400;\">Information Collected Automatically<\/span><\/li><\/ul><p><span style=\"font-weight: 400;\">As a rule, we automatically collect data such as IP address, date and time of use, and device type, IMEI (unique identification number), browser, GPS location and other technical data from your browsing. In cases where you access any of our online platforms, we may also collect data from your interaction with these pages.<\/span><\/p><p><span style=\"font-weight: 400;\">Collecting this information allows us to better understand your use of our online platforms. Some of this data may be collected through cookies or similar technology, as explained in this document.<\/span><\/p><p>\u00a0<\/p><h3><b>WHY DO WE COLLECT YOUR DATA?<\/b><\/h3><p><span style=\"font-weight: 400;\">Personal data may be used by PPA for the following purposes:<\/span><\/p><ul><li style=\"font-weight: 400;\" aria-level=\"1\"><b>Communication:<\/b><span style=\"font-weight: 400;\"> The information collected by our Website&#039;s Contact system and that collected during your interaction with us via social media or WhatsApp will be used to respond to demands, complaints or suggestions made by you. Depending on the severity of the complaint, we may send the collected data to the legal department to better address your demands.<\/span><\/li><li style=\"font-weight: 400;\" aria-level=\"1\"><b>Content targeting and participation in media campaigns:<\/b><span style=\"font-weight: 400;\"> We may use the data collected from participants in our newsletter, our events and visitors to our Website to improve the content available on our social networks, as well as to conduct campaigns and send marketing messages through any means of communication, such as, but not limited to, emails and messaging applications.<\/span><\/li><li style=\"font-weight: 400;\" aria-level=\"1\"><b>Data shared with partner institutions:<\/b><span style=\"font-weight: 400;\"> When necessary, we may share your data with operators and service providers who participate, directly or indirectly, in the development of the activities of our Programs.\u00a0<\/span><\/li><li style=\"font-weight: 400;\" aria-level=\"1\"><b>Data collected to comply with legal obligations: <\/b><span style=\"font-weight: 400;\">We are required by law to retain some basic access log data.<\/span><span style=\"font-weight: 400;\">to our Website as the IP address of the originating connection, with date and time. Such data is stored for the legally prescribed minimum period of 6 (six) months. Other data may also be stored to comply with legal obligations,<\/span><span style=\"font-weight: 400;\"> such as those related to participation in our Programs.<\/span><ul><li style=\"font-weight: 400;\" aria-level=\"2\"><span style=\"font-weight: 400;\">Access logs (date, time, IP): 6 months<\/span><\/li><li style=\"font-weight: 400;\" aria-level=\"2\"><span style=\"font-weight: 400;\">Data collected by cookies: 90 days<\/span><\/li><li style=\"font-weight: 400;\" aria-level=\"2\"><span style=\"font-weight: 400;\">Other personal data: 5 years<\/span><\/li><\/ul><\/li><li style=\"font-weight: 400;\" aria-level=\"1\"><b>Secondary purposes:<\/b><span style=\"font-weight: 400;\"> We may also use the collected data for secondary purposes that are not conflicting or excessive in relation to the purposes listed above, such as, or to defend ourselves in judicial or extrajudicial conflicts, always in accordance with Brazilian legislation in observance of your individual rights and freedoms.<\/span><\/li><\/ul><p>\u00a0<\/p><h3><b>HOW CAN YOU EXERCISE YOUR RIGHTS?<\/b><\/h3><p><span style=\"font-weight: 400;\">Transparency regarding the processing of your data is a priority for PPA. In addition to the information provided in this Privacy Policy, you may also exercise your rights via the email address <\/span><a href=\"mailto:privacidade@ppa.org.br\"><span style=\"font-weight: 400;\">privacidade@ppa.org.br<\/span><\/a><span style=\"font-weight: 400;\">.<\/span><\/p><p>\u00a0<\/p><h3><strong>HOW DO WE KEEP YOUR PERSONAL DATA SAFE?<\/strong><\/h3><p><span style=\"font-weight: 400;\">We consider all information collected through the Website, or as a result of participation in our events and programs, confidential. Therefore, we guarantee that it will be treated and stored in accordance with the provisions of this Policy.<\/span><\/p><p><span style=\"font-weight: 400;\">To ensure the security of your information, we consider some security measures, such as controlling access to information, data encryption, use of firewalls, software solution architecture with intrusion prevention, use of HTTPS.<\/span><\/p><p><span style=\"font-weight: 400;\">However, despite our best efforts, it is impossible to guarantee that malicious actors will not be able to access or misuse this data. For this reason, we encourage Users to take appropriate technical security measures, such as browsing on secure networks.<\/span><\/p><p>\u00a0<\/p><h3><strong>WHAT ARE YOUR RIGHTS AS THE HOLDER OF PERSONAL DATA?<\/strong><\/h3><p><span style=\"font-weight: 400;\">We list your rights below and advise who you should contact to make requests.<\/span><\/p><table><tbody><tr><td><b>User and Customer Rights<\/b><\/td><td><b>What does this right mean?<\/b><\/td><\/tr><tr><td><b>Confirmation<\/b><\/td><td><span style=\"font-weight: 400;\">You can ask whether any of your personal data is being processed by PPA.<\/span><\/td><\/tr><tr><td><b>Access<\/b><\/td><td><span style=\"font-weight: 400;\">You may request access to your personal data stored by the Website or as a result of other services, in addition to having information about the public or private entities with which we share your data, by contacting us via <\/span><a href=\"mailto:privacidade@ppa.org.br\"><span style=\"font-weight: 400;\">privacidade@ppa.org.br<\/span><\/a><span style=\"font-weight: 400;\">.\u00a0<\/span><\/td><\/tr><tr><td><b>Correction<\/b><\/td><td><span style=\"font-weight: 400;\">In case of incomplete, inaccurate or outdated data, you can request correction or update by contacting us via <\/span><a href=\"mailto:privacidade@ppa.org.br\"><span style=\"font-weight: 400;\">privacidade@ppa.org.br<\/span><\/a><span style=\"font-weight: 400;\">.\u00a0<\/span><\/td><\/tr><tr><td><b>Exclusion<\/b><\/td><td><span style=\"font-weight: 400;\">At any time, you can request the deletion of your data by contacting us via <\/span><a href=\"mailto:privacidade@ppa.org.br\"><span style=\"font-weight: 400;\">privacidade@ppa.org.br<\/span><\/a><span style=\"font-weight: 400;\">. You may request the anonymization, blocking or deletion of unnecessary, excessive data or data processed in non-compliance with the provisions of the Law (LF13.709\/18 Cap.III -Art.18). However, it is possible that some data remain stored for the purpose of complying with legal obligations or legal interests of PPA and its business partners.\u00a0<\/span><\/td><\/tr><tr><td><b>Unsubscribe<\/b><\/td><td><span style=\"font-weight: 400;\">PPA maintains an easy opt-out option applicable to situations in which this is requested.<\/span><\/td><\/tr><tr><td><b>Opposition<\/b><\/td><td><span style=\"font-weight: 400;\">If you understand that your personal data is being processed in violation of the law, you may object to this processing by contacting us via <\/span><a href=\"mailto:privacidade@ppa.org.br\"><span style=\"font-weight: 400;\">privacidade@ppa.org.br<\/span><\/a><span style=\"font-weight: 400;\">.\u00a0<\/span><\/td><\/tr><\/tbody><\/table><p>\u00a0<\/p><h3><b>WHAT ARE COOKIES AND HOW DO WE USE THEM?<\/b><\/h3><p><span style=\"font-weight: 400;\">Cookies are text files that a website sends to a user&#039;s browser, containing data about their profile and browsing behavior on the pages. The purpose of cookies is to remember information from the visit to facilitate the next access and improve your navigation on the website.<\/span><\/p><p><span style=\"font-weight: 400;\">We use cookies, for example, to distinguish unique users by assigning a randomly generated number as a user identifier; to calculate visitor, session and campaign data for the websites&#039; analytics reports; to track video views, to track user preferences for YouTube videos embedded on websites and to determine whether the website visitor is using the new or old version of the YouTube interface.\u00a0\u00a0<\/span><\/p><p><span style=\"font-weight: 400;\">We emphasize that the acceptance of <\/span><i><span style=\"font-weight: 400;\">cookies<\/span><\/i><span style=\"font-weight: 400;\"> classified as necessary are <\/span><span style=\"font-weight: 400;\">essential<\/span><span style=\"font-weight: 400;\"> for the normal functioning of this website, and opposition to the use of this tool may result in the services available here being rendered unusable.<\/span><\/p><p><span style=\"font-weight: 400;\">For a better understanding of the types of cookies we use, see below:<\/span><\/p><ul><li style=\"font-weight: 400;\" aria-level=\"1\"><span style=\"font-weight: 400;\">Required:<\/span><span style=\"font-weight: 400;\"> You <\/span><i><span style=\"font-weight: 400;\">cookies<\/span><\/i><span style=\"font-weight: 400;\"> are essential for our website to load properly and allow you to navigate correctly, as well as make use of all available features.<\/span><\/li><li style=\"font-weight: 400;\" aria-level=\"1\"><span style=\"font-weight: 400;\">Performance:<\/span><span style=\"font-weight: 400;\"> You <\/span><i><span style=\"font-weight: 400;\">cookies<\/span><\/i><span style=\"font-weight: 400;\"> help us understand how visitors interact with our website by providing information about the areas visited, the time spent on the site and any problems encountered, such as error messages.<\/span><\/li><li style=\"font-weight: 400;\" aria-level=\"1\"><span style=\"font-weight: 400;\">Functional:<\/span><span style=\"font-weight: 400;\"> You <\/span><i><span style=\"font-weight: 400;\">cookies<\/span><\/i><span style=\"font-weight: 400;\"> allow our website to remember your previous choices, such as language, to provide a personalized experience. They also allow users to fill in fields for comments, among others.<\/span><\/li><li style=\"font-weight: 400;\" aria-level=\"1\"><span style=\"font-weight: 400;\">Marketing:<\/span><span style=\"font-weight: 400;\"> You <\/span><i><span style=\"font-weight: 400;\">cookies<\/span><\/i><span style=\"font-weight: 400;\"> are used to provide more relevant content that is of interest to users.<\/span><\/li><\/ul>\t\t\t\t\t\t\t\t<\/div>\n\t\t\t\t\t<\/div>\n\t\t\t\t<\/div>\n\t\t\t\t<\/div>","protected":false},"excerpt":{"rendered":"<p>POL\u00cdTICA DE PRIVACIDADE \u00daltima atualiza\u00e7\u00e3o: 07\/11\/2023\u00a0 Bem-vindo(a) \u00e0 Pol\u00edtica de Privacidade da Plataforma Parceiros pela Amaz\u00f4nia (PPA). A sua privacidade \u00e9 importante para n\u00f3s, e estamos comprometidos em respeit\u00e1-la em rela\u00e7\u00e3o a qualquer informa\u00e7\u00e3o que possamos coletar em nosso portal digital www.ppa.org.br.\u00a0 Esta Pol\u00edtica destina-se a ajudar voc\u00ea a entender quais informa\u00e7\u00f5es s\u00e3o coletadas, por [&hellip;]<\/p>\n","protected":false},"author":1,"featured_media":0,"parent":0,"menu_order":0,"comment_status":"closed","ping_status":"closed","template":"","meta":{"_acf_changed":false,"footnotes":""},"class_list":["post-2707","page","type-page","status-publish","hentry"],"acf":[],"_links":{"self":[{"href":"https:\/\/ppa.org.br\/en\/wp-json\/wp\/v2\/pages\/2707","targetHints":{"allow":["GET"]}}],"collection":[{"href":"https:\/\/ppa.org.br\/en\/wp-json\/wp\/v2\/pages"}],"about":[{"href":"https:\/\/ppa.org.br\/en\/wp-json\/wp\/v2\/types\/page"}],"author":[{"embeddable":true,"href":"https:\/\/ppa.org.br\/en\/wp-json\/wp\/v2\/users\/1"}],"replies":[{"embeddable":true,"href":"https:\/\/ppa.org.br\/en\/wp-json\/wp\/v2\/comments?post=2707"}],"version-history":[{"count":0,"href":"https:\/\/ppa.org.br\/en\/wp-json\/wp\/v2\/pages\/2707\/revisions"}],"wp:attachment":[{"href":"https:\/\/ppa.org.br\/en\/wp-json\/wp\/v2\/media?parent=2707"}],"curies":[{"name":"wp","href":"https:\/\/api.w.org\/{rel}","templated":true}]}}